{"id":3467,"date":"2023-12-12T07:36:02","date_gmt":"2023-12-12T07:36:02","guid":{"rendered":"https:\/\/bridge507.qodeinteractive.com\/?page_id=3467"},"modified":"2025-05-12T18:04:53","modified_gmt":"2025-05-12T18:04:53","slug":"contact-us-2","status":"publish","type":"page","link":"https:\/\/mlkcol.org\/en\/contact-us-2\/","title":{"rendered":"CONTACT"},"content":{"rendered":"<div data-elementor-type=\"wp-page\" data-elementor-id=\"3467\" class=\"elementor elementor-3467\">\n\t\t\t\t<div class=\"elementor-element elementor-element-bcf1536 e-con-full qode_elementor_container_inner e-flex parallax_section_no e-con e-parent\" data-id=\"bcf1536\" data-element_type=\"container\">\n\t\t<div class=\"elementor-element elementor-element-6869d3a e-con-full e-flex parallax_section_no qode_elementor_container_no e-con e-child\" data-id=\"6869d3a\" data-element_type=\"container\">\n\t\t\t\t<div class=\"elementor-element elementor-element-dae6b81 elementor-widget__width-initial elementor-widget-mobile__width-inherit elementor-widget elementor-widget-text-editor\" data-id=\"dae6b81\" data-element_type=\"widget\" data-widget_type=\"text-editor.default\">\n\t\t\t\t<div class=\"elementor-widget-container\">\n\t\t\t\t\t\t\t\t\t<h2>Contact<\/h2>\t\t\t\t\t\t\t\t<\/div>\n\t\t\t\t<\/div>\n\t\t\t\t<\/div>\n\t\t\t\t<\/div>\n\t\t<div class=\"elementor-element elementor-element-3dfb661 e-con-full qode_elementor_container_inner e-flex parallax_section_no e-con e-parent\" data-id=\"3dfb661\" data-element_type=\"container\">\n\t\t<div class=\"elementor-element elementor-element-d02c8a7 e-con-full e-flex parallax_section_no qode_elementor_container_no e-con e-child\" data-id=\"d02c8a7\" data-element_type=\"container\">\n\t\t\t\t<div class=\"elementor-element elementor-element-32db9e5 elementor-widget elementor-widget-qi_addons_for_elementor_section_title\" data-id=\"32db9e5\" data-element_type=\"widget\" data-widget_type=\"qi_addons_for_elementor_section_title.default\">\n\t\t\t\t<div class=\"elementor-widget-container\">\n\t\t\t\t\t<div class=\"qodef-shortcode qodef-m qodef-qi-section-title qodef-decoration--italic qodef-link--underline-draw qodef-subtitle-icon--left\">\n\t\t\t\t\t\t<h6 class=\"qodef-m-title\">\n\t\tOFICINA\t<\/h6>\n\t\t\t<div class=\"qodef-m-text\"><p><a href=\"https:\/\/www.google.com\/maps\/place\/6+Denzille+Ln,+Dublin,+Ireland\/@53.3408354,-6.2487487,17z\/data=!3m1!4b1!4m8!1m2!2m1!1sHolles+Place,+Dublin!3m4!1s0x48670e9154ba7771:0xe1abca82b8307de2!8m2!3d53.3408354!4d-6.2465547\" target=\"_blank\" rel=\"noopener noreferrer\">Direcci\u00f3n: Calle 7 # 9 - 19 piso 1 <\/a><\/p><p><a href=\"https:\/\/www.google.com\/maps\/place\/6+Denzille+Ln,+Dublin,+Ireland\/@53.3408354,-6.2487487,17z\/data=!3m1!4b1!4m8!1m2!2m1!1sHolles+Place,+Dublin!3m4!1s0x48670e9154ba7771:0xe1abca82b8307de2!8m2!3d53.3408354!4d-6.2465547\" target=\"_blank\" rel=\"noopener noreferrer\">Cali - Valle del Cauca, Colombia<br \/><\/a><\/p><\/div>\n\t<\/div>\n\t\t\t\t<\/div>\n\t\t\t\t<\/div>\n\t\t\t\t<\/div>\n\t\t<div class=\"elementor-element elementor-element-b114533 e-con-full e-flex parallax_section_no qode_elementor_container_no e-con e-child\" data-id=\"b114533\" data-element_type=\"container\">\n\t\t\t\t<div class=\"elementor-element elementor-element-e52bf9c elementor-widget elementor-widget-qi_addons_for_elementor_section_title\" data-id=\"e52bf9c\" data-element_type=\"widget\" data-widget_type=\"qi_addons_for_elementor_section_title.default\">\n\t\t\t\t<div class=\"elementor-widget-container\">\n\t\t\t\t\t<div class=\"qodef-shortcode qodef-m qodef-qi-section-title qodef-decoration--italic qodef-link--underline-draw qodef-subtitle-icon--left\">\n\t\t\t\t\t\t<h6 class=\"qodef-m-title\">\n\t\tPONTE EN CONTACTO CON NOSOTROS\t<\/h6>\n\t\t\t<div class=\"qodef-m-text\"><p><a href=\"mailto:bridge@example.com\" target=\"_blank\" rel=\"noopener noreferrer\">\u00a0informacion@mlkcol.org<br \/>mlkfoundationcol@gmail.com<br \/><\/a><\/p><p>\u00a0<\/p><\/div>\n\t<\/div>\n\t\t\t\t<\/div>\n\t\t\t\t<\/div>\n\t\t\t\t<\/div>\n\t\t<div class=\"elementor-element elementor-element-9b07668 e-con-full e-flex parallax_section_no qode_elementor_container_no e-con e-child\" data-id=\"9b07668\" data-element_type=\"container\">\n\t\t\t\t<div class=\"elementor-element elementor-element-ccdcda9 elementor-widget elementor-widget-qi_addons_for_elementor_section_title\" data-id=\"ccdcda9\" data-element_type=\"widget\" data-widget_type=\"qi_addons_for_elementor_section_title.default\">\n\t\t\t\t<div class=\"elementor-widget-container\">\n\t\t\t\t\t<div class=\"qodef-shortcode qodef-m qodef-qi-section-title qodef-decoration--italic qodef-link--underline-draw qodef-subtitle-icon--left\">\n\t\t\t\t\t\t<h6 class=\"qodef-m-title\">\n\t\tREDES SOCIALES\t<\/h6>\n\t\t\t<div class=\"qodef-m-text\"><p><a href=\"https:\/\/www.instagram.com\/mlkfoundationcol\/\" target=\"_blank\" rel=\"noopener noreferrer\">Instagram<\/a><br \/><a href=\"https:\/\/www.facebook.com\/profile.php?id=100092036864082\" target=\"_blank\" rel=\"noopener noreferrer\">Facebook<\/a><\/p><\/div>\n\t<\/div>\n\t\t\t\t<\/div>\n\t\t\t\t<\/div>\n\t\t\t\t<\/div>\n\t\t\t\t<\/div>\n\t\t<div class=\"elementor-element elementor-element-845c3f6 e-con-full qode_elementor_container_inner e-flex parallax_section_no e-con e-parent\" data-id=\"845c3f6\" data-element_type=\"container\">\n\t\t<div class=\"elementor-element elementor-element-bbe444e e-con-full e-flex parallax_section_no qode_elementor_container_no e-con e-child\" data-id=\"bbe444e\" data-element_type=\"container\">\n\t\t\t\t<div class=\"elementor-element elementor-element-ed99256 elementor-widget elementor-widget-text-editor\" data-id=\"ed99256\" data-element_type=\"widget\" data-widget_type=\"text-editor.default\">\n\t\t\t\t<div class=\"elementor-widget-container\">\n\t\t\t\t\t\t\t\t\t<div class=\"edgtf-section-title-holder edgtf-st-standard edgtf-st-title-left edgtf-st-normal-space edgtf-st-disable-title-break\"><div class=\"edgtf-st-inner\"><h4 class=\"edgtf-st-title\">NOS ENCANTAR\u00cdA CONOCERTE, CONT\u00c1CTANOS<\/h4><\/div><\/div>\t\t\t\t\t\t\t\t<\/div>\n\t\t\t\t<\/div>\n\t\t\t\t<div class=\"elementor-element elementor-element-f26f19c elementor-widget elementor-widget-bridge_cf_7\" data-id=\"f26f19c\" data-element_type=\"widget\" data-widget_type=\"bridge_cf_7.default\">\n\t\t\t\t<div class=\"elementor-widget-container\">\n\t\t\t\t\t    <div class=\"qode-contact-form-7 qode-contact-form-7-0\">\n    \n<div class=\"wpcf7 no-js\" id=\"wpcf7-f15694-o1\" lang=\"es-ES\" dir=\"ltr\" data-wpcf7-id=\"15694\">\n<div class=\"screen-reader-response\"><p role=\"status\" aria-live=\"polite\" aria-atomic=\"true\"><\/p> <ul><\/ul><\/div>\n<form action=\"\/en\/wp-json\/wp\/v2\/pages\/3467#wpcf7-f15694-o1\" method=\"post\" class=\"wpcf7-form init cf7_custom_style_2\" aria-label=\"Formulario de contacto\" novalidate=\"novalidate\" data-status=\"init\" data-trp-original-action=\"\/en\/wp-json\/wp\/v2\/pages\/3467#wpcf7-f15694-o1\">\n<fieldset class=\"hidden-fields-container\"><input type=\"hidden\" name=\"_wpcf7\" value=\"15694\" \/><input type=\"hidden\" name=\"_wpcf7_version\" value=\"6.1.4\" \/><input type=\"hidden\" name=\"_wpcf7_locale\" value=\"es_ES\" \/><input type=\"hidden\" name=\"_wpcf7_unit_tag\" value=\"wpcf7-f15694-o1\" \/><input type=\"hidden\" name=\"_wpcf7_container_post\" value=\"0\" \/><input type=\"hidden\" name=\"_wpcf7_posted_data_hash\" value=\"\" \/>\n<\/fieldset>\n<label> Your name\n    <span class=\"wpcf7-form-control-wrap\" data-name=\"your-name\"><input size=\"40\" maxlength=\"400\" class=\"wpcf7-form-control wpcf7-text wpcf7-validates-as-required\" autocomplete=\"name\" aria-required=\"true\" aria-invalid=\"false\" value=\"\" type=\"text\" name=\"your-name\" \/><\/span> <\/label>\n\n<label> Your e-mail\n    <span class=\"wpcf7-form-control-wrap\" data-name=\"your-email\"><input size=\"40\" maxlength=\"400\" class=\"wpcf7-form-control wpcf7-email wpcf7-validates-as-required wpcf7-text wpcf7-validates-as-email\" autocomplete=\"email\" aria-required=\"true\" aria-invalid=\"false\" value=\"\" type=\"email\" name=\"your-email\" \/><\/span> <\/label>\n\n<label> Subject\n    <span class=\"wpcf7-form-control-wrap\" data-name=\"your-subject\"><input size=\"40\" maxlength=\"400\" class=\"wpcf7-form-control wpcf7-text wpcf7-validates-as-required\" aria-required=\"true\" aria-invalid=\"false\" value=\"\" type=\"text\" name=\"your-subject\" \/><\/span> <\/label>\n\n<label> Your message (optional)\n    <span class=\"wpcf7-form-control-wrap\" data-name=\"your-message\"><textarea cols=\"40\" rows=\"10\" maxlength=\"2000\" class=\"wpcf7-form-control wpcf7-textarea\" aria-invalid=\"false\" name=\"your-message\"><\/textarea><\/span> <\/label>\n\n<input class=\"wpcf7-form-control wpcf7-submit has-spinner\" type=\"submit\" value=\"Send\" \/><div class=\"wpcf7-response-output\" aria-hidden=\"true\"><\/div>\n<input type=\"hidden\" name=\"trp-form-language\" value=\"en\"\/><\/form>\n<\/div>\n    <\/div>\n\t\t\t\t<\/div>\n\t\t\t\t<\/div>\n\t\t\t\t<\/div>\n\t\t<div class=\"elementor-element elementor-element-cb3465e e-con-full e-flex parallax_section_no qode_elementor_container_no e-con e-child\" data-id=\"cb3465e\" data-element_type=\"container\">\n\t\t\t\t<div class=\"elementor-element elementor-element-7d85e05 elementor-widget elementor-widget-google_maps\" data-id=\"7d85e05\" data-element_type=\"widget\" data-widget_type=\"google_maps.default\">\n\t\t\t\t<div class=\"elementor-widget-container\">\n\t\t\t\t\t\t\t<div class=\"elementor-custom-embed\">\n\t\t\t<iframe loading=\"lazy\"\n\t\t\t\t\tsrc=\"https:\/\/maps.google.com\/maps?q=CALLE%207%20%23%209-19%20CALI%20VALLE%20DEL%20CAUCA&#038;t=m&#038;z=8&#038;output=embed&#038;iwloc=near\"\n\t\t\t\t\ttitle=\"CALLE 7 # 9-19 CALI VALLE DEL CAUCA\"\n\t\t\t\t\taria-label=\"CALLE 7 # 9-19 CALI VALLE DEL CAUCA\"\n\t\t\t><\/iframe>\n\t\t<\/div>\n\t\t\t\t\t\t<\/div>\n\t\t\t\t<\/div>\n\t\t\t\t<\/div>\n\t\t\t\t<\/div>\n\t\t<div class=\"elementor-element elementor-element-aba8fe4 e-flex e-con-boxed parallax_section_no qode_elementor_container_no e-con e-parent\" data-id=\"aba8fe4\" data-element_type=\"container\">\n\t\t\t\t\t<div class=\"e-con-inner\">\n\t\t\t\t\t<\/div>\n\t\t\t\t<\/div>\n\t\t\t\t<\/div>","protected":false},"excerpt":{"rendered":"<p>Contacto OFICINA Direcci\u00f3n: Calle 7 # 9 &#8211; 19 piso 1 Cali &#8211; Valle del Cauca, Colombia PONTE EN CONTACTO CON NOSOTROS \u00a0informacion@mlkcol.orgmlkfoundationcol@gmail.com \u00a0 REDES SOCIALES InstagramFacebook NOS ENCANTAR\u00cdA CONOCERTE, CONT\u00c1CTANOS Tu nombre Tu correo electr\u00f3nico Asunto Tu mensaje (opcional)<\/p>","protected":false},"author":1,"featured_media":0,"parent":0,"menu_order":0,"comment_status":"closed","ping_status":"closed","template":"full_width.php","meta":{"content-type":"","footnotes":""},"class_list":["post-3467","page","type-page","status-publish","hentry"],"_links":{"self":[{"href":"https:\/\/mlkcol.org\/en\/wp-json\/wp\/v2\/pages\/3467","targetHints":{"allow":["GET"]}}],"collection":[{"href":"https:\/\/mlkcol.org\/en\/wp-json\/wp\/v2\/pages"}],"about":[{"href":"https:\/\/mlkcol.org\/en\/wp-json\/wp\/v2\/types\/page"}],"author":[{"embeddable":true,"href":"https:\/\/mlkcol.org\/en\/wp-json\/wp\/v2\/users\/1"}],"replies":[{"embeddable":true,"href":"https:\/\/mlkcol.org\/en\/wp-json\/wp\/v2\/comments?post=3467"}],"version-history":[{"count":53,"href":"https:\/\/mlkcol.org\/en\/wp-json\/wp\/v2\/pages\/3467\/revisions"}],"predecessor-version":[{"id":16551,"href":"https:\/\/mlkcol.org\/en\/wp-json\/wp\/v2\/pages\/3467\/revisions\/16551"}],"wp:attachment":[{"href":"https:\/\/mlkcol.org\/en\/wp-json\/wp\/v2\/media?parent=3467"}],"curies":[{"name":"wp","href":"https:\/\/api.w.org\/{rel}","templated":true}]}}