{"id":310,"date":"2019-10-04T10:16:56","date_gmt":"2019-10-04T10:16:56","guid":{"rendered":"https:\/\/bridge259.qodeinteractive.com\/?page_id=310"},"modified":"2025-07-14T22:01:49","modified_gmt":"2025-07-14T22:01:49","slug":"eventos","status":"publish","type":"page","link":"https:\/\/mlkcol.org\/en\/eventos\/","title":{"rendered":"EVENTS"},"content":{"rendered":"<div data-elementor-type=\"wp-page\" data-elementor-id=\"310\" class=\"elementor elementor-310\">\n\t\t\t\t\t\t<section class=\"elementor-section elementor-top-section elementor-element elementor-element-9472df6 elementor-section-full_width elementor-section-height-default elementor-section-height-default parallax_section_no qode_elementor_container_no\" data-id=\"9472df6\" data-element_type=\"section\">\n\t\t\t\t\t\t<div class=\"elementor-container elementor-column-gap-no\">\n\t\t\t\t\t<div class=\"elementor-column elementor-col-50 elementor-top-column elementor-element elementor-element-d528bbf\" data-id=\"d528bbf\" data-element_type=\"column\">\n\t\t\t<div class=\"elementor-widget-wrap elementor-element-populated\">\n\t\t\t\t\t\t<div class=\"elementor-element elementor-element-7fbb681 elementor-widget elementor-widget-image\" data-id=\"7fbb681\" data-element_type=\"widget\" data-widget_type=\"image.default\">\n\t\t\t\t<div class=\"elementor-widget-container\">\n\t\t\t\t\t\t\t\t\t\t\t\t\t\t\t<img fetchpriority=\"high\" decoding=\"async\" width=\"2560\" height=\"1440\" src=\"https:\/\/mlkcol.org\/wp-content\/uploads\/2025\/04\/IMG_20230815_181927-scaled.jpg\" class=\"attachment-full size-full wp-image-16451\" alt=\"\" srcset=\"https:\/\/mlkcol.org\/wp-content\/uploads\/2025\/04\/IMG_20230815_181927-scaled.jpg 2560w, https:\/\/mlkcol.org\/wp-content\/uploads\/2025\/04\/IMG_20230815_181927-300x169.jpg 300w, https:\/\/mlkcol.org\/wp-content\/uploads\/2025\/04\/IMG_20230815_181927-1024x576.jpg 1024w, https:\/\/mlkcol.org\/wp-content\/uploads\/2025\/04\/IMG_20230815_181927-768x432.jpg 768w, https:\/\/mlkcol.org\/wp-content\/uploads\/2025\/04\/IMG_20230815_181927-1536x864.jpg 1536w, https:\/\/mlkcol.org\/wp-content\/uploads\/2025\/04\/IMG_20230815_181927-2048x1152.jpg 2048w, https:\/\/mlkcol.org\/wp-content\/uploads\/2025\/04\/IMG_20230815_181927-18x10.jpg 18w, https:\/\/mlkcol.org\/wp-content\/uploads\/2025\/04\/IMG_20230815_181927-700x394.jpg 700w, https:\/\/mlkcol.org\/wp-content\/uploads\/2025\/04\/IMG_20230815_181927-539x303.jpg 539w\" sizes=\"(max-width: 2560px) 100vw, 2560px\" \/>\t\t\t\t\t\t\t\t\t\t\t\t\t\t\t<\/div>\n\t\t\t\t<\/div>\n\t\t\t\t\t<\/div>\n\t\t<\/div>\n\t\t\t\t<div class=\"elementor-column elementor-col-50 elementor-top-column elementor-element elementor-element-23963911\" data-id=\"23963911\" data-element_type=\"column\">\n\t\t\t<div class=\"elementor-widget-wrap elementor-element-populated\">\n\t\t\t\t\t\t<div class=\"elementor-element elementor-element-2f296935 elementor-widget elementor-widget-text-editor\" data-id=\"2f296935\" data-element_type=\"widget\" data-widget_type=\"text-editor.default\">\n\t\t\t\t<div class=\"elementor-widget-container\">\n\t\t\t\t\t\t\t\t\t<h2>BLACK PHILANTHROPY MONTH<\/h2>\t\t\t\t\t\t\t\t<\/div>\n\t\t\t\t<\/div>\n\t\t\t\t<div class=\"elementor-element elementor-element-e90d3 elementor-widget elementor-widget-bridge_button\" data-id=\"e90d3\" data-element_type=\"widget\" data-widget_type=\"bridge_button.default\">\n\t\t\t\t<div class=\"elementor-widget-container\">\n\t\t\t\t\t<a  itemprop=\"url\" href=\"https:\/\/mlkcol.org\/en\/black-philanthropy-month\/\" target=\"_blank\"  class=\"qbutton  default\" style=\"\">Ver M\u00e1s<\/a>\t\t\t\t<\/div>\n\t\t\t\t<\/div>\n\t\t\t\t\t<\/div>\n\t\t<\/div>\n\t\t\t\t\t<\/div>\n\t\t<\/section>\n\t\t\t\t<section class=\"elementor-section elementor-top-section elementor-element elementor-element-b47799b elementor-section-full_width elementor-section-height-default elementor-section-height-default parallax_section_no qode_elementor_container_no\" data-id=\"b47799b\" data-element_type=\"section\">\n\t\t\t\t\t\t<div class=\"elementor-container elementor-column-gap-no\">\n\t\t\t\t\t<div class=\"elementor-column elementor-col-50 elementor-top-column elementor-element elementor-element-c72cfd5\" data-id=\"c72cfd5\" data-element_type=\"column\">\n\t\t\t<div class=\"elementor-widget-wrap elementor-element-populated\">\n\t\t\t\t\t\t<div class=\"elementor-element elementor-element-d17009b elementor-widget elementor-widget-text-editor\" data-id=\"d17009b\" data-element_type=\"widget\" data-widget_type=\"text-editor.default\">\n\t\t\t\t<div class=\"elementor-widget-container\">\n\t\t\t\t\t\t\t\t\t<h2>LANZAMIENTO DE PROPUESTA SUMMIT<\/h2>\t\t\t\t\t\t\t\t<\/div>\n\t\t\t\t<\/div>\n\t\t\t\t<div class=\"elementor-element elementor-element-493772e elementor-widget elementor-widget-bridge_button\" data-id=\"493772e\" data-element_type=\"widget\" data-widget_type=\"bridge_button.default\">\n\t\t\t\t<div class=\"elementor-widget-container\">\n\t\t\t\t\t<a  itemprop=\"url\" href=\"https:\/\/mlkcol.org\/en\/lanzamiento-de-propuesta-summit\/\" target=\"_blank\"  class=\"qbutton  default\" style=\"\">Ver M\u00e1s<\/a>\t\t\t\t<\/div>\n\t\t\t\t<\/div>\n\t\t\t\t\t<\/div>\n\t\t<\/div>\n\t\t\t\t<div class=\"elementor-column elementor-col-50 elementor-top-column elementor-element elementor-element-6beba8a\" data-id=\"6beba8a\" data-element_type=\"column\">\n\t\t\t<div class=\"elementor-widget-wrap elementor-element-populated\">\n\t\t\t\t\t\t<div class=\"elementor-element elementor-element-edea6b9 elementor-widget elementor-widget-image\" data-id=\"edea6b9\" data-element_type=\"widget\" data-widget_type=\"image.default\">\n\t\t\t\t<div class=\"elementor-widget-container\">\n\t\t\t\t\t\t\t\t\t\t\t\t\t\t\t<img decoding=\"async\" width=\"1080\" height=\"720\" src=\"https:\/\/mlkcol.org\/wp-content\/uploads\/2025\/04\/WhatsApp-Image-2024-09-04-at-2.01.34-PM.jpeg\" class=\"attachment-full size-full wp-image-16492\" alt=\"\" srcset=\"https:\/\/mlkcol.org\/wp-content\/uploads\/2025\/04\/WhatsApp-Image-2024-09-04-at-2.01.34-PM.jpeg 1080w, https:\/\/mlkcol.org\/wp-content\/uploads\/2025\/04\/WhatsApp-Image-2024-09-04-at-2.01.34-PM-300x200.jpeg 300w, https:\/\/mlkcol.org\/wp-content\/uploads\/2025\/04\/WhatsApp-Image-2024-09-04-at-2.01.34-PM-1024x683.jpeg 1024w, https:\/\/mlkcol.org\/wp-content\/uploads\/2025\/04\/WhatsApp-Image-2024-09-04-at-2.01.34-PM-768x512.jpeg 768w, https:\/\/mlkcol.org\/wp-content\/uploads\/2025\/04\/WhatsApp-Image-2024-09-04-at-2.01.34-PM-18x12.jpeg 18w, https:\/\/mlkcol.org\/wp-content\/uploads\/2025\/04\/WhatsApp-Image-2024-09-04-at-2.01.34-PM-700x467.jpeg 700w\" sizes=\"(max-width: 1080px) 100vw, 1080px\" \/>\t\t\t\t\t\t\t\t\t\t\t\t\t\t\t<\/div>\n\t\t\t\t<\/div>\n\t\t\t\t\t<\/div>\n\t\t<\/div>\n\t\t\t\t\t<\/div>\n\t\t<\/section>\n\t\t\t\t<section class=\"elementor-section elementor-top-section elementor-element elementor-element-8c7bc72 elementor-section-full_width elementor-section-height-default elementor-section-height-default parallax_section_no qode_elementor_container_no\" data-id=\"8c7bc72\" data-element_type=\"section\">\n\t\t\t\t\t\t<div class=\"elementor-container elementor-column-gap-no\">\n\t\t\t\t\t<div class=\"elementor-column elementor-col-50 elementor-top-column elementor-element elementor-element-178decb\" data-id=\"178decb\" data-element_type=\"column\">\n\t\t\t<div class=\"elementor-widget-wrap elementor-element-populated\">\n\t\t\t\t\t\t<div class=\"elementor-element elementor-element-e86ffae elementor-widget elementor-widget-image\" data-id=\"e86ffae\" data-element_type=\"widget\" data-widget_type=\"image.default\">\n\t\t\t\t<div class=\"elementor-widget-container\">\n\t\t\t\t\t\t\t\t\t\t\t\t\t\t\t<img decoding=\"async\" width=\"1600\" height=\"700\" src=\"https:\/\/mlkcol.org\/wp-content\/uploads\/2025\/04\/IMG-20240210-WA0111-e1752527594916.jpg\" class=\"attachment-full size-full wp-image-16435\" alt=\"\" srcset=\"https:\/\/mlkcol.org\/wp-content\/uploads\/2025\/04\/IMG-20240210-WA0111-e1752527594916.jpg 1600w, https:\/\/mlkcol.org\/wp-content\/uploads\/2025\/04\/IMG-20240210-WA0111-e1752527594916-300x131.jpg 300w, https:\/\/mlkcol.org\/wp-content\/uploads\/2025\/04\/IMG-20240210-WA0111-e1752527594916-1024x448.jpg 1024w, https:\/\/mlkcol.org\/wp-content\/uploads\/2025\/04\/IMG-20240210-WA0111-e1752527594916-768x336.jpg 768w, https:\/\/mlkcol.org\/wp-content\/uploads\/2025\/04\/IMG-20240210-WA0111-e1752527594916-1536x672.jpg 1536w, https:\/\/mlkcol.org\/wp-content\/uploads\/2025\/04\/IMG-20240210-WA0111-e1752527594916-18x8.jpg 18w, https:\/\/mlkcol.org\/wp-content\/uploads\/2025\/04\/IMG-20240210-WA0111-e1752527594916-700x306.jpg 700w\" sizes=\"(max-width: 1600px) 100vw, 1600px\" \/>\t\t\t\t\t\t\t\t\t\t\t\t\t\t\t<\/div>\n\t\t\t\t<\/div>\n\t\t\t\t\t<\/div>\n\t\t<\/div>\n\t\t\t\t<div class=\"elementor-column elementor-col-50 elementor-top-column elementor-element elementor-element-302a199\" data-id=\"302a199\" data-element_type=\"column\">\n\t\t\t<div class=\"elementor-widget-wrap elementor-element-populated\">\n\t\t\t\t\t\t<div class=\"elementor-element elementor-element-5b70b81 elementor-widget elementor-widget-text-editor\" data-id=\"5b70b81\" data-element_type=\"widget\" data-widget_type=\"text-editor.default\">\n\t\t\t\t<div class=\"elementor-widget-container\">\n\t\t\t\t\t\t\t\t\t<h2>REUNI\u00d3N AD KING FOUNDATION<\/h2>\t\t\t\t\t\t\t\t<\/div>\n\t\t\t\t<\/div>\n\t\t\t\t<div class=\"elementor-element elementor-element-d78a82f elementor-widget elementor-widget-bridge_button\" data-id=\"d78a82f\" data-element_type=\"widget\" data-widget_type=\"bridge_button.default\">\n\t\t\t\t<div class=\"elementor-widget-container\">\n\t\t\t\t\t<a  itemprop=\"url\" href=\"https:\/\/mlkcol.org\/en\/reunion-ad-king-foundation\/\" target=\"_blank\"  class=\"qbutton  default\" style=\"\">Ver M\u00e1s<\/a>\t\t\t\t<\/div>\n\t\t\t\t<\/div>\n\t\t\t\t\t<\/div>\n\t\t<\/div>\n\t\t\t\t\t<\/div>\n\t\t<\/section>\n\t\t\t\t<section class=\"elementor-section elementor-top-section elementor-element elementor-element-5ac428e elementor-section-full_width elementor-section-height-default elementor-section-height-default parallax_section_no qode_elementor_container_no\" data-id=\"5ac428e\" data-element_type=\"section\">\n\t\t\t\t\t\t<div class=\"elementor-container elementor-column-gap-no\">\n\t\t\t\t\t<div class=\"elementor-column elementor-col-50 elementor-top-column elementor-element elementor-element-96c1b8c\" data-id=\"96c1b8c\" data-element_type=\"column\">\n\t\t\t<div class=\"elementor-widget-wrap elementor-element-populated\">\n\t\t\t\t\t\t<div class=\"elementor-element elementor-element-51c634b elementor-widget elementor-widget-text-editor\" data-id=\"51c634b\" data-element_type=\"widget\" data-widget_type=\"text-editor.default\">\n\t\t\t\t<div class=\"elementor-widget-container\">\n\t\t\t\t\t\t\t\t\t<h2>ULS SUMMIT 2024<\/h2>\t\t\t\t\t\t\t\t<\/div>\n\t\t\t\t<\/div>\n\t\t\t\t<div class=\"elementor-element elementor-element-01ed5a8 elementor-widget elementor-widget-bridge_button\" data-id=\"01ed5a8\" data-element_type=\"widget\" data-widget_type=\"bridge_button.default\">\n\t\t\t\t<div class=\"elementor-widget-container\">\n\t\t\t\t\t<a  itemprop=\"url\" href=\"https:\/\/mlkcol.org\/en\/uls-summit-2024\/\" target=\"_blank\"  class=\"qbutton  default\" style=\"\">Ver M\u00e1s<\/a>\t\t\t\t<\/div>\n\t\t\t\t<\/div>\n\t\t\t\t\t<\/div>\n\t\t<\/div>\n\t\t\t\t<div class=\"elementor-column elementor-col-50 elementor-top-column elementor-element elementor-element-989ed91\" data-id=\"989ed91\" data-element_type=\"column\">\n\t\t\t<div class=\"elementor-widget-wrap elementor-element-populated\">\n\t\t\t\t\t\t<div class=\"elementor-element elementor-element-fea892c elementor-widget elementor-widget-image\" data-id=\"fea892c\" data-element_type=\"widget\" data-widget_type=\"image.default\">\n\t\t\t\t<div class=\"elementor-widget-container\">\n\t\t\t\t\t\t\t\t\t\t\t\t\t\t\t<img loading=\"lazy\" decoding=\"async\" width=\"1600\" height=\"790\" src=\"https:\/\/mlkcol.org\/wp-content\/uploads\/2025\/04\/IMG-20240716-WA0055-e1752527775812.jpg\" class=\"attachment-full size-full wp-image-16478\" alt=\"\" srcset=\"https:\/\/mlkcol.org\/wp-content\/uploads\/2025\/04\/IMG-20240716-WA0055-e1752527775812.jpg 1600w, https:\/\/mlkcol.org\/wp-content\/uploads\/2025\/04\/IMG-20240716-WA0055-e1752527775812-300x148.jpg 300w, https:\/\/mlkcol.org\/wp-content\/uploads\/2025\/04\/IMG-20240716-WA0055-e1752527775812-1024x506.jpg 1024w, https:\/\/mlkcol.org\/wp-content\/uploads\/2025\/04\/IMG-20240716-WA0055-e1752527775812-768x379.jpg 768w, https:\/\/mlkcol.org\/wp-content\/uploads\/2025\/04\/IMG-20240716-WA0055-e1752527775812-1536x758.jpg 1536w, https:\/\/mlkcol.org\/wp-content\/uploads\/2025\/04\/IMG-20240716-WA0055-e1752527775812-18x9.jpg 18w, https:\/\/mlkcol.org\/wp-content\/uploads\/2025\/04\/IMG-20240716-WA0055-e1752527775812-700x346.jpg 700w\" sizes=\"(max-width: 1600px) 100vw, 1600px\" \/>\t\t\t\t\t\t\t\t\t\t\t\t\t\t\t<\/div>\n\t\t\t\t<\/div>\n\t\t\t\t\t<\/div>\n\t\t<\/div>\n\t\t\t\t\t<\/div>\n\t\t<\/section>\n\t\t\t\t<\/div>","protected":false},"excerpt":{"rendered":"<p>BLACK PHILANTHROPY MONTH Ver M\u00e1s LANZAMIENTO DE PROPUESTA SUMMIT Ver M\u00e1s REUNI\u00d3N AD KING FOUNDATION Ver M\u00e1s ULS SUMMIT 2024 Ver M\u00e1s<\/p>","protected":false},"author":1,"featured_media":0,"parent":0,"menu_order":0,"comment_status":"closed","ping_status":"closed","template":"full_width.php","meta":{"content-type":"","footnotes":""},"class_list":["post-310","page","type-page","status-publish","hentry"],"_links":{"self":[{"href":"https:\/\/mlkcol.org\/en\/wp-json\/wp\/v2\/pages\/310","targetHints":{"allow":["GET"]}}],"collection":[{"href":"https:\/\/mlkcol.org\/en\/wp-json\/wp\/v2\/pages"}],"about":[{"href":"https:\/\/mlkcol.org\/en\/wp-json\/wp\/v2\/types\/page"}],"author":[{"embeddable":true,"href":"https:\/\/mlkcol.org\/en\/wp-json\/wp\/v2\/users\/1"}],"replies":[{"embeddable":true,"href":"https:\/\/mlkcol.org\/en\/wp-json\/wp\/v2\/comments?post=310"}],"version-history":[{"count":11,"href":"https:\/\/mlkcol.org\/en\/wp-json\/wp\/v2\/pages\/310\/revisions"}],"predecessor-version":[{"id":16745,"href":"https:\/\/mlkcol.org\/en\/wp-json\/wp\/v2\/pages\/310\/revisions\/16745"}],"wp:attachment":[{"href":"https:\/\/mlkcol.org\/en\/wp-json\/wp\/v2\/media?parent=310"}],"curies":[{"name":"wp","href":"https:\/\/api.w.org\/{rel}","templated":true}]}}