{"id":16758,"date":"2026-01-05T13:26:26","date_gmt":"2026-01-05T13:26:26","guid":{"rendered":"https:\/\/mlkcol.org\/?page_id=16758"},"modified":"2026-01-14T16:52:45","modified_gmt":"2026-01-14T16:52:45","slug":"convocatoria","status":"publish","type":"page","link":"https:\/\/mlkcol.org\/en\/convocatoria\/","title":{"rendered":"IHAD Program"},"content":{"rendered":"<div data-elementor-type=\"wp-page\" data-elementor-id=\"16758\" class=\"elementor elementor-16758\">\n\t\t\t\t<div class=\"elementor-element elementor-element-9b9797f e-flex e-con-boxed parallax_section_no qode_elementor_container_no e-con e-parent\" data-id=\"9b9797f\" data-element_type=\"container\">\n\t\t\t\t\t<div class=\"e-con-inner\">\n\t\t<div class=\"elementor-element elementor-element-2921691 e-con-full e-flex parallax_section_no qode_elementor_container_no e-con e-child\" data-id=\"2921691\" data-element_type=\"container\">\n\t\t\t\t<div class=\"elementor-element elementor-element-44e1262 elementor-widget elementor-widget-image\" data-id=\"44e1262\" data-element_type=\"widget\" data-widget_type=\"image.default\">\n\t\t\t\t<div class=\"elementor-widget-container\">\n\t\t\t\t\t\t\t\t\t\t\t\t\t\t\t<img fetchpriority=\"high\" decoding=\"async\" width=\"1080\" height=\"1350\" src=\"https:\/\/mlkcol.org\/wp-content\/uploads\/2026\/01\/FLYER-OFICIAL-3X4-1.jpg\" class=\"attachment-full size-full wp-image-16871\" alt=\"\" srcset=\"https:\/\/mlkcol.org\/wp-content\/uploads\/2026\/01\/FLYER-OFICIAL-3X4-1.jpg 1080w, https:\/\/mlkcol.org\/wp-content\/uploads\/2026\/01\/FLYER-OFICIAL-3X4-1-240x300.jpg 240w, https:\/\/mlkcol.org\/wp-content\/uploads\/2026\/01\/FLYER-OFICIAL-3X4-1-819x1024.jpg 819w, https:\/\/mlkcol.org\/wp-content\/uploads\/2026\/01\/FLYER-OFICIAL-3X4-1-768x960.jpg 768w, https:\/\/mlkcol.org\/wp-content\/uploads\/2026\/01\/FLYER-OFICIAL-3X4-1-10x12.jpg 10w, https:\/\/mlkcol.org\/wp-content\/uploads\/2026\/01\/FLYER-OFICIAL-3X4-1-700x875.jpg 700w\" sizes=\"(max-width: 1080px) 100vw, 1080px\" \/>\t\t\t\t\t\t\t\t\t\t\t\t\t\t\t<\/div>\n\t\t\t\t<\/div>\n\t\t\t\t<\/div>\n\t\t<div class=\"elementor-element elementor-element-7f81a39 e-con-full e-flex parallax_section_no qode_elementor_container_no e-con e-child\" data-id=\"7f81a39\" data-element_type=\"container\">\n\t\t\t\t<div class=\"elementor-element elementor-element-c8b2b9a elementor-widget elementor-widget-heading\" data-id=\"c8b2b9a\" data-element_type=\"widget\" data-widget_type=\"heading.default\">\n\t\t\t\t<div class=\"elementor-widget-container\">\n\t\t\t\t\t<h2 class=\"elementor-heading-title elementor-size-default\">IHAD  Afrodemocracy<\/h2>\t\t\t\t<\/div>\n\t\t\t\t<\/div>\n\t\t\t\t<div class=\"elementor-element elementor-element-3e8ef4f elementor-widget elementor-widget-heading\" data-id=\"3e8ef4f\" data-element_type=\"widget\" data-widget_type=\"heading.default\">\n\t\t\t\t<div class=\"elementor-widget-container\">\n\t\t\t\t\t<h2 class=\"elementor-heading-title elementor-size-default\">Program<\/h2>\t\t\t\t<\/div>\n\t\t\t\t<\/div>\n\t\t\t\t<div class=\"elementor-element elementor-element-c912400 elementor-view-default elementor-position-block-start elementor-mobile-position-block-start elementor-invisible elementor-widget elementor-widget-icon-box\" data-id=\"c912400\" data-element_type=\"widget\" data-settings=\"{&quot;_animation&quot;:&quot;pulse&quot;}\" data-widget_type=\"icon-box.default\">\n\t\t\t\t<div class=\"elementor-widget-container\">\n\t\t\t\t\t\t\t<div class=\"elementor-icon-box-wrapper\">\n\n\t\t\t\t\t\t<div class=\"elementor-icon-box-icon\">\n\t\t\t\t<span  class=\"elementor-icon\">\n\t\t\t\t<svg aria-hidden=\"true\" class=\"e-font-icon-svg e-far-calendar-plus\" viewbox=\"0 0 448 512\" xmlns=\"http:\/\/www.w3.org\/2000\/svg\"><path d=\"M336 292v24c0 6.6-5.4 12-12 12h-76v76c0 6.6-5.4 12-12 12h-24c-6.6 0-12-5.4-12-12v-76h-76c-6.6 0-12-5.4-12-12v-24c0-6.6 5.4-12 12-12h76v-76c0-6.6 5.4-12 12-12h24c6.6 0 12 5.4 12 12v76h76c6.6 0 12 5.4 12 12zm112-180v352c0 26.5-21.5 48-48 48H48c-26.5 0-48-21.5-48-48V112c0-26.5 21.5-48 48-48h48V12c0-6.6 5.4-12 12-12h40c6.6 0 12 5.4 12 12v52h128V12c0-6.6 5.4-12 12-12h40c6.6 0 12 5.4 12 12v52h48c26.5 0 48 21.5 48 48zm-48 346V160H48v298c0 3.3 2.7 6 6 6h340c3.3 0 6-2.7 6-6z\"><\/path><\/svg>\t\t\t\t<\/span>\n\t\t\t<\/div>\n\t\t\t\n\t\t\t\t\t\t<div class=\"elementor-icon-box-content\">\n\n\t\t\t\t\t\t\t\t\t<h3 class=\"elementor-icon-box-title\">\n\t\t\t\t\t\t<span  >\n\t\t\t\t\t\t\tFecha de inicio\t\t\t\t\t\t<\/span>\n\t\t\t\t\t<\/h3>\n\t\t\t\t\n\t\t\t\t\t\t\t\t\t<p class=\"elementor-icon-box-description\">\n\t\t\t\t\t\t<b>05-01-2026<\/b>\t\t\t\t\t<\/p>\n\t\t\t\t\n\t\t\t<\/div>\n\t\t\t\n\t\t<\/div>\n\t\t\t\t\t\t<\/div>\n\t\t\t\t<\/div>\n\t\t\t\t<div class=\"elementor-element elementor-element-4641e39 elementor-view-default elementor-position-block-start elementor-mobile-position-block-start elementor-widget elementor-widget-icon-box\" data-id=\"4641e39\" data-element_type=\"widget\" data-widget_type=\"icon-box.default\">\n\t\t\t\t<div class=\"elementor-widget-container\">\n\t\t\t\t\t\t\t<div class=\"elementor-icon-box-wrapper\">\n\n\t\t\t\t\t\t<div class=\"elementor-icon-box-icon\">\n\t\t\t\t<span  class=\"elementor-icon\">\n\t\t\t\t<svg aria-hidden=\"true\" class=\"e-font-icon-svg e-far-calendar-times\" viewbox=\"0 0 448 512\" xmlns=\"http:\/\/www.w3.org\/2000\/svg\"><path d=\"M311.7 374.7l-17 17c-4.7 4.7-12.3 4.7-17 0L224 337.9l-53.7 53.7c-4.7 4.7-12.3 4.7-17 0l-17-17c-4.7-4.7-4.7-12.3 0-17l53.7-53.7-53.7-53.7c-4.7-4.7-4.7-12.3 0-17l17-17c4.7-4.7 12.3-4.7 17 0l53.7 53.7 53.7-53.7c4.7-4.7 12.3-4.7 17 0l17 17c4.7 4.7 4.7 12.3 0 17L257.9 304l53.7 53.7c4.8 4.7 4.8 12.3.1 17zM448 112v352c0 26.5-21.5 48-48 48H48c-26.5 0-48-21.5-48-48V112c0-26.5 21.5-48 48-48h48V12c0-6.6 5.4-12 12-12h40c6.6 0 12 5.4 12 12v52h128V12c0-6.6 5.4-12 12-12h40c6.6 0 12 5.4 12 12v52h48c26.5 0 48 21.5 48 48zm-48 346V160H48v298c0 3.3 2.7 6 6 6h340c3.3 0 6-2.7 6-6z\"><\/path><\/svg>\t\t\t\t<\/span>\n\t\t\t<\/div>\n\t\t\t\n\t\t\t\t\t\t<div class=\"elementor-icon-box-content\">\n\n\t\t\t\t\t\t\t\t\t<h3 class=\"elementor-icon-box-title\">\n\t\t\t\t\t\t<span  >\n\t\t\t\t\t\t\tFecha de cierre\t\t\t\t\t\t<\/span>\n\t\t\t\t\t<\/h3>\n\t\t\t\t\n\t\t\t\t\t\t\t\t\t<p class=\"elementor-icon-box-description\">\n\t\t\t\t\t\t<b>23-01-2026<\/b>\t\t\t\t\t<\/p>\n\t\t\t\t\n\t\t\t<\/div>\n\t\t\t\n\t\t<\/div>\n\t\t\t\t\t\t<\/div>\n\t\t\t\t<\/div>\n\t\t\t\t<\/div>\n\t\t\t\t\t<\/div>\n\t\t\t\t<\/div>\n\t\t<div class=\"elementor-element elementor-element-b6211fe e-con-full e-flex parallax_section_no qode_elementor_container_no e-con e-parent\" data-id=\"b6211fe\" data-element_type=\"container\">\n\t\t<div class=\"elementor-element elementor-element-6425827 e-grid e-con-full parallax_section_no qode_elementor_container_no e-con e-child\" data-id=\"6425827\" data-element_type=\"container\">\n\t\t\t\t<div class=\"elementor-element elementor-element-417fd34 elementor-hidden-tablet elementor-hidden-mobile elementor-widget elementor-widget-heading\" data-id=\"417fd34\" data-element_type=\"widget\" data-widget_type=\"heading.default\">\n\t\t\t\t<div class=\"elementor-widget-container\">\n\t\t\t\t\t<h2 class=\"elementor-heading-title elementor-size-default\">\u00bfQu\u00e9 es el IHAD: Afrodemocracy Program?\n<\/h2>\t\t\t\t<\/div>\n\t\t\t\t<\/div>\n\t\t\t\t<div class=\"elementor-element elementor-element-866f72a elementor-hidden-tablet elementor-hidden-mobile elementor-widget elementor-widget-heading\" data-id=\"866f72a\" data-element_type=\"widget\" data-widget_type=\"heading.default\">\n\t\t\t\t<div class=\"elementor-widget-container\">\n\t\t\t\t\t<h2 class=\"elementor-heading-title elementor-size-default\">\u00bfPara qui\u00e9n es el IHAD: Afrodemocracy Program?<\/h2>\t\t\t\t<\/div>\n\t\t\t\t<\/div>\n\t\t\t\t<div class=\"elementor-element elementor-element-e4a48d6 elementor-hidden-tablet elementor-hidden-mobile elementor-widget elementor-widget-heading\" data-id=\"e4a48d6\" data-element_type=\"widget\" data-widget_type=\"heading.default\">\n\t\t\t\t<div class=\"elementor-widget-container\">\n\t\t\t\t\t<h2 class=\"elementor-heading-title elementor-size-default\">\u00bfQu\u00e9 ofrece el IHAD: Afrodemocracy Program?<\/h2>\t\t\t\t<\/div>\n\t\t\t\t<\/div>\n\t\t\t\t<\/div>\n\t\t\t\t<\/div>\n\t\t<div class=\"elementor-element elementor-element-ae3df27 e-flex e-con-boxed parallax_section_no qode_elementor_container_no e-con e-parent\" data-id=\"ae3df27\" data-element_type=\"container\">\n\t\t\t\t\t<div class=\"e-con-inner\">\n\t\t<div class=\"elementor-element elementor-element-bfd3731 e-grid e-con-full parallax_section_no qode_elementor_container_no e-con e-child\" data-id=\"bfd3731\" data-element_type=\"container\">\n\t\t\t\t<div class=\"elementor-element elementor-element-cf8c10e elementor-widget elementor-widget-n-accordion\" data-id=\"cf8c10e\" data-element_type=\"widget\" data-settings=\"{&quot;default_state&quot;:&quot;all_collapsed&quot;,&quot;max_items_expended&quot;:&quot;one&quot;,&quot;n_accordion_animation_duration&quot;:{&quot;unit&quot;:&quot;ms&quot;,&quot;size&quot;:400,&quot;sizes&quot;:[]}}\" data-widget_type=\"nested-accordion.default\">\n\t\t\t\t<div class=\"elementor-widget-container\">\n\t\t\t\t\t\t\t<div class=\"e-n-accordion\" aria-label=\"Accordion. Open links with Enter or Space, close with Escape, and navigate with Arrow Keys\">\n\t\t\t\t\t\t<details id=\"e-n-accordion-item-2170\" class=\"e-n-accordion-item\" >\n\t\t\t\t<summary class=\"e-n-accordion-item-title\" data-accordion-index=\"1\" tabindex=\"0\" aria-expanded=\"false\" aria-controls=\"e-n-accordion-item-2170\" >\n\t\t\t\t\t<span class='e-n-accordion-item-title-header'><div class=\"e-n-accordion-item-title-text\"> \u00bfQu\u00e9 es el IHAD Afrodemocracy Program? <\/div><\/span>\n\t\t\t\t\t\t\t<span class='e-n-accordion-item-title-icon'>\n\t\t\t<span class='e-opened' ><svg aria-hidden=\"true\" class=\"e-font-icon-svg e-fas-minus\" viewbox=\"0 0 448 512\" xmlns=\"http:\/\/www.w3.org\/2000\/svg\"><path d=\"M416 208H32c-17.67 0-32 14.33-32 32v32c0 17.67 14.33 32 32 32h384c17.67 0 32-14.33 32-32v-32c0-17.67-14.33-32-32-32z\"><\/path><\/svg><\/span>\n\t\t\t<span class='e-closed'><svg aria-hidden=\"true\" class=\"e-font-icon-svg e-fas-plus\" viewbox=\"0 0 448 512\" xmlns=\"http:\/\/www.w3.org\/2000\/svg\"><path d=\"M416 208H272V64c0-17.67-14.33-32-32-32h-32c-17.67 0-32 14.33-32 32v144H32c-17.67 0-32 14.33-32 32v32c0 17.67 14.33 32 32 32h144v144c0 17.67 14.33 32 32 32h32c17.67 0 32-14.33 32-32V304h144c17.67 0 32-14.33 32-32v-32c0-17.67-14.33-32-32-32z\"><\/path><\/svg><\/span>\n\t\t<\/span>\n\n\t\t\t\t\t\t<\/summary>\n\t\t\t\t<div role=\"region\" aria-labelledby=\"e-n-accordion-item-2170\" class=\"elementor-element elementor-element-e5a2550 e-con-full e-flex parallax_section_no qode_elementor_container_no e-con e-child\" data-id=\"e5a2550\" data-element_type=\"container\">\n\t\t\t\t<div class=\"elementor-element elementor-element-9b4ddd1 elementor-widget elementor-widget-text-editor\" data-id=\"9b4ddd1\" data-element_type=\"widget\" data-widget_type=\"text-editor.default\">\n\t\t\t\t<div class=\"elementor-widget-container\">\n\t\t\t\t\t\t\t\t\t<h5 style=\"text-align: center;\"><span style=\"color: #ffffff;\"><span style=\"font-weight: 400;\">\u00a0IHAD (I Have a Dream): Afrodemocracy Program es una iniciativa estrat\u00e9gica de la Fundaci\u00f3n Martin Luther King Colombia que, en conjunto con Open Society Foundation y el CEAF de la Universidad Icesi, busca fortalecer la cultura democr\u00e1tica <\/span><span style=\"font-weight: 400;\">afrodescendiente en el pa\u00eds, con enfoque en la equidad racial, la justicia social y el empoderamiento ciudadano. La propuesta se fundamenta en tres pilares centrales de formaci\u00f3n:<\/span><\/span><\/h5><div><span style=\"color: #ffffff;\"><span style=\"font-weight: 400;\">\u00a0<\/span><\/span><\/div><ul><li><span style=\"font-weight: 400; font-size: 16px; color: #ffffff;\">Liderazgo transformacional<\/span><\/li><li><span style=\"font-weight: 400; font-size: 16px; color: #ffffff;\">Democracia<\/span><\/li><li><span style=\"font-weight: 400; font-size: 16px; color: #ffffff;\">Gobernanza.<\/span><\/li><\/ul><h6 style=\"text-align: center;\">\u00a0<\/h6>\t\t\t\t\t\t\t\t<\/div>\n\t\t\t\t<\/div>\n\t\t\t\t<\/div>\n\t\t\t\t\t<\/details>\n\t\t\t\t\t<\/div>\n\t\t\t\t\t\t<\/div>\n\t\t\t\t<\/div>\n\t\t\t\t<div class=\"elementor-element elementor-element-3c4c270 elementor-widget elementor-widget-n-accordion\" data-id=\"3c4c270\" data-element_type=\"widget\" data-settings=\"{&quot;default_state&quot;:&quot;all_collapsed&quot;,&quot;max_items_expended&quot;:&quot;one&quot;,&quot;n_accordion_animation_duration&quot;:{&quot;unit&quot;:&quot;ms&quot;,&quot;size&quot;:400,&quot;sizes&quot;:[]}}\" data-widget_type=\"nested-accordion.default\">\n\t\t\t\t<div class=\"elementor-widget-container\">\n\t\t\t\t\t\t\t<div class=\"e-n-accordion\" aria-label=\"Accordion. Open links with Enter or Space, close with Escape, and navigate with Arrow Keys\">\n\t\t\t\t\t\t<details id=\"e-n-accordion-item-6320\" class=\"e-n-accordion-item\" >\n\t\t\t\t<summary class=\"e-n-accordion-item-title\" data-accordion-index=\"1\" tabindex=\"0\" aria-expanded=\"false\" aria-controls=\"e-n-accordion-item-6320\" >\n\t\t\t\t\t<span class='e-n-accordion-item-title-header'><div class=\"e-n-accordion-item-title-text\"> \u00bfPara qui\u00e9n es el IHAD: Afrodemocracy Program? <\/div><\/span>\n\t\t\t\t\t\t\t<span class='e-n-accordion-item-title-icon'>\n\t\t\t<span class='e-opened' ><svg aria-hidden=\"true\" class=\"e-font-icon-svg e-fas-minus\" viewbox=\"0 0 448 512\" xmlns=\"http:\/\/www.w3.org\/2000\/svg\"><path d=\"M416 208H32c-17.67 0-32 14.33-32 32v32c0 17.67 14.33 32 32 32h384c17.67 0 32-14.33 32-32v-32c0-17.67-14.33-32-32-32z\"><\/path><\/svg><\/span>\n\t\t\t<span class='e-closed'><svg aria-hidden=\"true\" class=\"e-font-icon-svg e-fas-plus\" viewbox=\"0 0 448 512\" xmlns=\"http:\/\/www.w3.org\/2000\/svg\"><path d=\"M416 208H272V64c0-17.67-14.33-32-32-32h-32c-17.67 0-32 14.33-32 32v144H32c-17.67 0-32 14.33-32 32v32c0 17.67 14.33 32 32 32h144v144c0 17.67 14.33 32 32 32h32c17.67 0 32-14.33 32-32V304h144c17.67 0 32-14.33 32-32v-32c0-17.67-14.33-32-32-32z\"><\/path><\/svg><\/span>\n\t\t<\/span>\n\n\t\t\t\t\t\t<\/summary>\n\t\t\t\t<div role=\"region\" aria-labelledby=\"e-n-accordion-item-6320\" class=\"elementor-element elementor-element-8835256 e-con-full e-flex parallax_section_no qode_elementor_container_no e-con e-child\" data-id=\"8835256\" data-element_type=\"container\">\n\t\t\t\t<div class=\"elementor-element elementor-element-8ae8757 elementor-widget elementor-widget-text-editor\" data-id=\"8ae8757\" data-element_type=\"widget\" data-widget_type=\"text-editor.default\">\n\t\t\t\t<div class=\"elementor-widget-container\">\n\t\t\t\t\t\t\t\t\t<h5><span style=\"font-weight: 400;\">El programa est\u00e1 dirigido para 90 liderazgos afrodescendientes de Cali, Cartagena y Quibd\u00f3, que est\u00e1n comprometidos con la promoci\u00f3n de una democracia m\u00e1s inclusiva, accesible y representativa.\u00a0<\/span><\/h5><h5><span style=\"font-weight: 400;\">Perfil del postulante<\/span><\/h5><h5>\u00a0<\/h5><ol><li><h5><span style=\"font-weight: 400;\">Ser ciudadano colombiano mayor de edad<\/span><\/h5><\/li><li><h5><span style=\"font-weight: 400;\">Residir en [CALI, CARTAGENA, QUIBD\u00d3].<\/span><\/h5><\/li><li><h5><span style=\"font-weight: 400;\">Liderazgos afrodescendientes con <\/span><b>trayectoria activa<\/b><span style=\"font-weight: 400;\"> en espacios de incidencia p\u00fablico, social, acad\u00e9mico y\/o comunitario.<\/span><\/h5><\/li><li><h5><span style=\"font-weight: 400;\">Disponibilidad para sesiones presenciales entre los meses Febrero &#8211; Mayo<\/span><\/h5><\/li><li><h5><span style=\"font-weight: 400;\">Alto nivel de compromiso con el proceso.<\/span><\/h5><\/li><\/ol>\t\t\t\t\t\t\t\t<\/div>\n\t\t\t\t<\/div>\n\t\t\t\t<\/div>\n\t\t\t\t\t<\/details>\n\t\t\t\t\t<\/div>\n\t\t\t\t\t\t<\/div>\n\t\t\t\t<\/div>\n\t\t\t\t<div class=\"elementor-element elementor-element-7cd3a6a elementor-widget elementor-widget-n-accordion\" data-id=\"7cd3a6a\" data-element_type=\"widget\" data-settings=\"{&quot;default_state&quot;:&quot;all_collapsed&quot;,&quot;max_items_expended&quot;:&quot;one&quot;,&quot;n_accordion_animation_duration&quot;:{&quot;unit&quot;:&quot;ms&quot;,&quot;size&quot;:400,&quot;sizes&quot;:[]}}\" data-widget_type=\"nested-accordion.default\">\n\t\t\t\t<div class=\"elementor-widget-container\">\n\t\t\t\t\t\t\t<div class=\"e-n-accordion\" aria-label=\"Accordion. Open links with Enter or Space, close with Escape, and navigate with Arrow Keys\">\n\t\t\t\t\t\t<details id=\"e-n-accordion-item-1300\" class=\"e-n-accordion-item\" >\n\t\t\t\t<summary class=\"e-n-accordion-item-title\" data-accordion-index=\"1\" tabindex=\"0\" aria-expanded=\"false\" aria-controls=\"e-n-accordion-item-1300\" >\n\t\t\t\t\t<span class='e-n-accordion-item-title-header'><div class=\"e-n-accordion-item-title-text\"> \u00bfQu\u00e9 ofrece el IHAD: Afrodemocracy Program? <\/div><\/span>\n\t\t\t\t\t\t\t<span class='e-n-accordion-item-title-icon'>\n\t\t\t<span class='e-opened' ><svg aria-hidden=\"true\" class=\"e-font-icon-svg e-fas-minus\" viewbox=\"0 0 448 512\" xmlns=\"http:\/\/www.w3.org\/2000\/svg\"><path d=\"M416 208H32c-17.67 0-32 14.33-32 32v32c0 17.67 14.33 32 32 32h384c17.67 0 32-14.33 32-32v-32c0-17.67-14.33-32-32-32z\"><\/path><\/svg><\/span>\n\t\t\t<span class='e-closed'><svg aria-hidden=\"true\" class=\"e-font-icon-svg e-fas-plus\" viewbox=\"0 0 448 512\" xmlns=\"http:\/\/www.w3.org\/2000\/svg\"><path d=\"M416 208H272V64c0-17.67-14.33-32-32-32h-32c-17.67 0-32 14.33-32 32v144H32c-17.67 0-32 14.33-32 32v32c0 17.67 14.33 32 32 32h144v144c0 17.67 14.33 32 32 32h32c17.67 0 32-14.33 32-32V304h144c17.67 0 32-14.33 32-32v-32c0-17.67-14.33-32-32-32z\"><\/path><\/svg><\/span>\n\t\t<\/span>\n\n\t\t\t\t\t\t<\/summary>\n\t\t\t\t<div role=\"region\" aria-labelledby=\"e-n-accordion-item-1300\" class=\"elementor-element elementor-element-e4e00d4 e-con-full e-flex parallax_section_no qode_elementor_container_no e-con e-child\" data-id=\"e4e00d4\" data-element_type=\"container\">\n\t\t\t\t<div class=\"elementor-element elementor-element-952426d elementor-widget elementor-widget-text-editor\" data-id=\"952426d\" data-element_type=\"widget\" data-widget_type=\"text-editor.default\">\n\t\t\t\t<div class=\"elementor-widget-container\">\n\t\t\t\t\t\t\t\t\t<h5 style=\"text-align: center;\"><span style=\"font-weight: 400; color: #ffffff;\">El IHAD: Afrodemocracy Program brinda a sus participantes una plataforma din\u00e1mica de intercambio de experiencias y desarrollo de habilidades con otros liderazgos de la regi\u00f3n, que permitir\u00e1 profundizar la acci\u00f3n democr\u00e1tica para explorar qu\u00e9 movimientos sociales y pol\u00edticas se pueden construir para que sean determinantes en la construcci\u00f3n de sociedades m\u00e1s justas desde sus organizaciones.<\/span><\/h5>\t\t\t\t\t\t\t\t<\/div>\n\t\t\t\t<\/div>\n\t\t\t\t<\/div>\n\t\t\t\t\t<\/details>\n\t\t\t\t\t<\/div>\n\t\t\t\t\t\t<\/div>\n\t\t\t\t<\/div>\n\t\t\t\t<\/div>\n\t\t\t\t\t<\/div>\n\t\t\t\t<\/div>\n\t\t<div class=\"elementor-element elementor-element-7e8d8ea e-flex e-con-boxed parallax_section_no qode_elementor_container_no e-con e-parent\" data-id=\"7e8d8ea\" data-element_type=\"container\">\n\t\t\t\t\t<div class=\"e-con-inner\">\n\t\t\t\t<div class=\"elementor-element elementor-element-bd552d7 elementor-align-center elementor-invisible elementor-widget elementor-widget-button\" data-id=\"bd552d7\" data-element_type=\"widget\" data-settings=\"{&quot;_animation&quot;:&quot;bounceIn&quot;}\" data-widget_type=\"button.default\">\n\t\t\t\t<div class=\"elementor-widget-container\">\n\t\t\t\t\t\t\t\t\t<div class=\"elementor-button-wrapper\">\n\t\t\t\t\t<a class=\"elementor-button elementor-button-link elementor-size-sm\" href=\"https:\/\/forms.gle\/HadMo8QqDPhTdstR6\">\n\t\t\t\t\t\t<span class=\"elementor-button-content-wrapper\">\n\t\t\t\t\t\t<span class=\"elementor-button-icon\">\n\t\t\t\t<svg aria-hidden=\"true\" class=\"e-font-icon-svg e-fas-check-circle\" viewbox=\"0 0 512 512\" xmlns=\"http:\/\/www.w3.org\/2000\/svg\"><path d=\"M504 256c0 136.967-111.033 248-248 248S8 392.967 8 256 119.033 8 256 8s248 111.033 248 248zM227.314 387.314l184-184c6.248-6.248 6.248-16.379 0-22.627l-22.627-22.627c-6.248-6.249-16.379-6.249-22.628 0L216 308.118l-70.059-70.059c-6.248-6.248-16.379-6.248-22.628 0l-22.627 22.627c-6.248 6.248-6.248 16.379 0 22.627l104 104c6.249 6.249 16.379 6.249 22.628.001z\"><\/path><\/svg>\t\t\t<\/span>\n\t\t\t\t\t\t\t\t\t<span class=\"elementor-button-text\">Inscr\u00edbete aqu\u00ed<\/span>\n\t\t\t\t\t<\/span>\n\t\t\t\t\t<\/a>\n\t\t\t\t<\/div>\n\t\t\t\t\t\t\t\t<\/div>\n\t\t\t\t<\/div>\n\t\t\t\t\t<\/div>\n\t\t\t\t<\/div>\n\t\t<div class=\"elementor-element elementor-element-545fed3 e-flex e-con-boxed parallax_section_no qode_elementor_container_no e-con e-parent\" data-id=\"545fed3\" data-element_type=\"container\">\n\t\t\t\t\t<div class=\"e-con-inner\">\n\t\t\t\t<div class=\"elementor-element elementor-element-c9edcd0 elementor-align-center elementor-widget elementor-widget-button\" data-id=\"c9edcd0\" data-element_type=\"widget\" data-widget_type=\"button.default\">\n\t\t\t\t<div class=\"elementor-widget-container\">\n\t\t\t\t\t\t\t\t\t<div class=\"elementor-button-wrapper\">\n\t\t\t\t\t<a class=\"elementor-button elementor-button-link elementor-size-sm\" href=\"https:\/\/mlkcol.org\/wp-content\/uploads\/2026\/01\/GENERALIDADES-DEL-PROGRAMA-2026-1-IHAD-AFRODEMOCRACY-PROGRAM-1.pdf\">\n\t\t\t\t\t\t<span class=\"elementor-button-content-wrapper\">\n\t\t\t\t\t\t\t\t\t<span class=\"elementor-button-text\">Generalidades del programa<\/span>\n\t\t\t\t\t<\/span>\n\t\t\t\t\t<\/a>\n\t\t\t\t<\/div>\n\t\t\t\t\t\t\t\t<\/div>\n\t\t\t\t<\/div>\n\t\t\t\t\t<\/div>\n\t\t\t\t<\/div>\n\t\t<div class=\"elementor-element elementor-element-499a861 e-flex e-con-boxed parallax_section_no qode_elementor_container_no e-con e-parent\" data-id=\"499a861\" data-element_type=\"container\">\n\t\t\t\t\t<div class=\"e-con-inner\">\n\t\t\t\t<div class=\"elementor-element elementor-element-e010a51 elementor-widget elementor-widget-spacer\" data-id=\"e010a51\" data-element_type=\"widget\" data-widget_type=\"spacer.default\">\n\t\t\t\t<div class=\"elementor-widget-container\">\n\t\t\t\t\t\t\t<div class=\"elementor-spacer\">\n\t\t\t<div class=\"elementor-spacer-inner\"><\/div>\n\t\t<\/div>\n\t\t\t\t\t\t<\/div>\n\t\t\t\t<\/div>\n\t\t\t\t\t<\/div>\n\t\t\t\t<\/div>\n\t\t\t\t<\/div>","protected":false},"excerpt":{"rendered":"<p>IHAD Afrodemocracy Program Fecha de inicio 05-01-2026 Fecha de cierre 23-01-2026 \u00bfQu\u00e9 es el IHAD: Afrodemocracy Program? \u00bfPara qui\u00e9n es el IHAD: Afrodemocracy Program? \u00bfQu\u00e9 ofrece el IHAD: Afrodemocracy Program? \u00bfQu\u00e9 es el IHAD Afrodemocracy Program? \u00a0IHAD (I Have a Dream): Afrodemocracy Program es una&#8230;<\/p>","protected":false},"author":1,"featured_media":0,"parent":0,"menu_order":0,"comment_status":"closed","ping_status":"closed","template":"","meta":{"content-type":"","footnotes":""},"class_list":["post-16758","page","type-page","status-publish","hentry"],"_links":{"self":[{"href":"https:\/\/mlkcol.org\/en\/wp-json\/wp\/v2\/pages\/16758","targetHints":{"allow":["GET"]}}],"collection":[{"href":"https:\/\/mlkcol.org\/en\/wp-json\/wp\/v2\/pages"}],"about":[{"href":"https:\/\/mlkcol.org\/en\/wp-json\/wp\/v2\/types\/page"}],"author":[{"embeddable":true,"href":"https:\/\/mlkcol.org\/en\/wp-json\/wp\/v2\/users\/1"}],"replies":[{"embeddable":true,"href":"https:\/\/mlkcol.org\/en\/wp-json\/wp\/v2\/comments?post=16758"}],"version-history":[{"count":71,"href":"https:\/\/mlkcol.org\/en\/wp-json\/wp\/v2\/pages\/16758\/revisions"}],"predecessor-version":[{"id":16883,"href":"https:\/\/mlkcol.org\/en\/wp-json\/wp\/v2\/pages\/16758\/revisions\/16883"}],"wp:attachment":[{"href":"https:\/\/mlkcol.org\/en\/wp-json\/wp\/v2\/media?parent=16758"}],"curies":[{"name":"wp","href":"https:\/\/api.w.org\/{rel}","templated":true}]}}