{"id":16319,"date":"2025-02-05T21:10:30","date_gmt":"2025-02-05T21:10:30","guid":{"rendered":"https:\/\/mlkcol.org\/?page_id=16319"},"modified":"2025-05-12T18:08:49","modified_gmt":"2025-05-12T18:08:49","slug":"andres-f-martinez-profile","status":"publish","type":"page","link":"https:\/\/mlkcol.org\/en\/andres-f-martinez-profile\/","title":{"rendered":"Andres F. Martinez Profile"},"content":{"rendered":"<div data-elementor-type=\"wp-page\" data-elementor-id=\"16319\" class=\"elementor elementor-16319\">\n\t\t\t\t<div class=\"elementor-element elementor-element-102267f e-flex e-con-boxed parallax_section_no qode_elementor_container_no e-con e-parent\" data-id=\"102267f\" data-element_type=\"container\">\n\t\t\t\t\t<div class=\"e-con-inner\">\n\t\t\t\t<div class=\"elementor-element elementor-element-48933ebc elementor-widget elementor-widget-qi_addons_for_elementor_dual_image_with_content\" data-id=\"48933ebc\" data-element_type=\"widget\" data-widget_type=\"qi_addons_for_elementor_dual_image_with_content.default\">\n\t\t\t\t<div class=\"elementor-widget-container\">\n\t\t\t\t\t<div class=\"qodef-shortcode qodef-m qodef-qi-dual-image-with-content qodef--content-left qodef-decoration--italic qodef-link--underline-draw qodef-qi--has-appear\">\n\t<div class=\"qodef-dual-content\">\n\t\t<div class=\"qodef-m-inner-content\">\n\t\t\t\t<h2 class=\"qodef-m-title\">\n\t\tEconomist, Leadership Development Expert\t<\/h2>\n\t\t\t\t<p class=\"qodef-m-text\">Economist with over 13 years of experience promoting and advising citizen and political participation in Valle del Cauca. Co-founder of Politfonica and the MLK Foundation Colombia. Alumni of the Martin Luther King and SUSI programs of the embassy and the Department of State of the United States government.<\/p>\n\t\t<\/div>\n\t\t<div class=\"qodef-m-inner-bottom\">\n\t\t\t\t\t<\/div>\n\t<\/div>\n\t<div class=\"qodef-image-holder\">\n\t\t<div class=\"qodef-m-main-image\">\n\t<img fetchpriority=\"high\" decoding=\"async\" width=\"800\" height=\"858\" src=\"https:\/\/mlkcol.org\/wp-content\/uploads\/2024\/10\/9L7A9994-1.png\" class=\"attachment-full size-full\" alt=\"\" srcset=\"https:\/\/mlkcol.org\/wp-content\/uploads\/2024\/10\/9L7A9994-1.png 800w, https:\/\/mlkcol.org\/wp-content\/uploads\/2024\/10\/9L7A9994-1-280x300.png 280w, https:\/\/mlkcol.org\/wp-content\/uploads\/2024\/10\/9L7A9994-1-768x824.png 768w, https:\/\/mlkcol.org\/wp-content\/uploads\/2024\/10\/9L7A9994-1-700x751.png 700w\" sizes=\"(max-width: 800px) 100vw, 800px\" \/><\/div>\n\t\t<div class=\"qodef-m-second-image\">\n\t<\/div>\n\t<\/div>\n<\/div>\n\t\t\t\t<\/div>\n\t\t\t\t<\/div>\n\t\t\t\t\t<\/div>\n\t\t\t\t<\/div>\n\t\t\t\t<\/div>","protected":false},"excerpt":{"rendered":"<p>Economist, Leadership Development Expert Economista con m\u00e1s de 13 a\u00f1os de experiencia en la promoci\u00f3n y asesor\u00eda en participaci\u00f3n ciudadana y pol\u00edtica en el Valle del Cauca. Cofundador de Politf\u00f3nica y de la Fundaci\u00f3n MLK Colombia. Egresado de los programas Martin Luther King y SUSI&#8230;<\/p>","protected":false},"author":1,"featured_media":0,"parent":0,"menu_order":0,"comment_status":"closed","ping_status":"closed","template":"","meta":{"content-type":"","footnotes":""},"class_list":["post-16319","page","type-page","status-publish","hentry"],"_links":{"self":[{"href":"https:\/\/mlkcol.org\/en\/wp-json\/wp\/v2\/pages\/16319","targetHints":{"allow":["GET"]}}],"collection":[{"href":"https:\/\/mlkcol.org\/en\/wp-json\/wp\/v2\/pages"}],"about":[{"href":"https:\/\/mlkcol.org\/en\/wp-json\/wp\/v2\/types\/page"}],"author":[{"embeddable":true,"href":"https:\/\/mlkcol.org\/en\/wp-json\/wp\/v2\/users\/1"}],"replies":[{"embeddable":true,"href":"https:\/\/mlkcol.org\/en\/wp-json\/wp\/v2\/comments?post=16319"}],"version-history":[{"count":7,"href":"https:\/\/mlkcol.org\/en\/wp-json\/wp\/v2\/pages\/16319\/revisions"}],"predecessor-version":[{"id":16529,"href":"https:\/\/mlkcol.org\/en\/wp-json\/wp\/v2\/pages\/16319\/revisions\/16529"}],"wp:attachment":[{"href":"https:\/\/mlkcol.org\/en\/wp-json\/wp\/v2\/media?parent=16319"}],"curies":[{"name":"wp","href":"https:\/\/api.w.org\/{rel}","templated":true}]}}