{"id":16311,"date":"2025-02-05T21:07:35","date_gmt":"2025-02-05T21:07:35","guid":{"rendered":"https:\/\/mlkcol.org\/?page_id=16311"},"modified":"2025-05-12T18:09:41","modified_gmt":"2025-05-12T18:09:41","slug":"thiame-carabali-profile","status":"publish","type":"page","link":"https:\/\/mlkcol.org\/en\/thiame-carabali-profile\/","title":{"rendered":"Thiame Carabali Profile"},"content":{"rendered":"<div data-elementor-type=\"wp-page\" data-elementor-id=\"16311\" class=\"elementor elementor-16311\">\n\t\t\t\t<div class=\"elementor-element elementor-element-4572c9aa e-flex e-con-boxed parallax_section_no qode_elementor_container_no e-con e-parent\" data-id=\"4572c9aa\" data-element_type=\"container\">\n\t\t\t\t\t<div class=\"e-con-inner\">\n\t\t\t\t<div class=\"elementor-element elementor-element-5eb95e9f elementor-widget elementor-widget-qi_addons_for_elementor_dual_image_with_content\" data-id=\"5eb95e9f\" data-element_type=\"widget\" data-widget_type=\"qi_addons_for_elementor_dual_image_with_content.default\">\n\t\t\t\t<div class=\"elementor-widget-container\">\n\t\t\t\t\t<div class=\"qodef-shortcode qodef-m qodef-qi-dual-image-with-content qodef--content-left qodef-decoration--italic qodef-link--underline-draw qodef-qi--has-appear\">\n\t<div class=\"qodef-dual-content\">\n\t\t<div class=\"qodef-m-inner-content\">\n\t\t\t\t<h2 class=\"qodef-m-title\">\n\t\tLawyer International Relations\t<\/h2>\n\t\t\t\t<p class=\"qodef-m-text\">She serves as a National Officer in the Ethnic Affairs Unit, responsible for verifying the implementation of the Ethnic Chapter of the peace agreement. She has over seven years of advising and supporting black women from the Association of Black Women of Northern Cauca (ASOM) on gender violence and organizational matters. As Regional Advisor for Cauca in the Justice for Sustainable Peace program, she coordinates actions for the strengthening, recognition, and visibility of Afro-Colombian Customary Justice in Northern Cauca. She supported the relationship-building, dissemination, and dialogue with ethnic authorities, territorial entities, and civil society to achieve the territorialization of the JEP and the participation of communities in this Transitional Justice mechanism.<\/p>\n\t\t<\/div>\n\t\t<div class=\"qodef-m-inner-bottom\">\n\t\t\t\t\t<\/div>\n\t<\/div>\n\t<div class=\"qodef-image-holder\">\n\t\t<div class=\"qodef-m-main-image\">\n\t<img fetchpriority=\"high\" decoding=\"async\" width=\"800\" height=\"853\" src=\"https:\/\/mlkcol.org\/wp-content\/uploads\/2024\/10\/IMG-20240912-WA0056-1.jpg\" class=\"attachment-full size-full\" alt=\"\" srcset=\"https:\/\/mlkcol.org\/wp-content\/uploads\/2024\/10\/IMG-20240912-WA0056-1.jpg 800w, https:\/\/mlkcol.org\/wp-content\/uploads\/2024\/10\/IMG-20240912-WA0056-1-281x300.jpg 281w, https:\/\/mlkcol.org\/wp-content\/uploads\/2024\/10\/IMG-20240912-WA0056-1-768x819.jpg 768w, https:\/\/mlkcol.org\/wp-content\/uploads\/2024\/10\/IMG-20240912-WA0056-1-700x746.jpg 700w\" sizes=\"(max-width: 800px) 100vw, 800px\" \/><\/div>\n\t\t<div class=\"qodef-m-second-image\">\n\t<\/div>\n\t<\/div>\n<\/div>\n\t\t\t\t<\/div>\n\t\t\t\t<\/div>\n\t\t\t\t\t<\/div>\n\t\t\t\t<\/div>\n\t\t\t\t<\/div>","protected":false},"excerpt":{"rendered":"<p>Lawyer International Relations Se desempe\u00f1a como funcionaria nacional en la Unidad de Asuntos \u00c9tnicos, responsable de verificar la implementaci\u00f3n del Cap\u00edtulo \u00c9tnico del acuerdo de paz. Tiene m\u00e1s de siete a\u00f1os de experiencia asesorando y apoyando a mujeres negras de la Asociaci\u00f3n de Mujeres Negras&#8230;<\/p>","protected":false},"author":1,"featured_media":0,"parent":0,"menu_order":0,"comment_status":"closed","ping_status":"closed","template":"","meta":{"content-type":"","footnotes":""},"class_list":["post-16311","page","type-page","status-publish","hentry"],"_links":{"self":[{"href":"https:\/\/mlkcol.org\/en\/wp-json\/wp\/v2\/pages\/16311","targetHints":{"allow":["GET"]}}],"collection":[{"href":"https:\/\/mlkcol.org\/en\/wp-json\/wp\/v2\/pages"}],"about":[{"href":"https:\/\/mlkcol.org\/en\/wp-json\/wp\/v2\/types\/page"}],"author":[{"embeddable":true,"href":"https:\/\/mlkcol.org\/en\/wp-json\/wp\/v2\/users\/1"}],"replies":[{"embeddable":true,"href":"https:\/\/mlkcol.org\/en\/wp-json\/wp\/v2\/comments?post=16311"}],"version-history":[{"count":7,"href":"https:\/\/mlkcol.org\/en\/wp-json\/wp\/v2\/pages\/16311\/revisions"}],"predecessor-version":[{"id":16535,"href":"https:\/\/mlkcol.org\/en\/wp-json\/wp\/v2\/pages\/16311\/revisions\/16535"}],"wp:attachment":[{"href":"https:\/\/mlkcol.org\/en\/wp-json\/wp\/v2\/media?parent=16311"}],"curies":[{"name":"wp","href":"https:\/\/api.w.org\/{rel}","templated":true}]}}