{"id":16304,"date":"2025-02-05T20:47:38","date_gmt":"2025-02-05T20:47:38","guid":{"rendered":"https:\/\/mlkcol.org\/?page_id=16304"},"modified":"2025-05-12T18:08:24","modified_gmt":"2025-05-12T18:08:24","slug":"natalia-ibarguen-profile","status":"publish","type":"page","link":"https:\/\/mlkcol.org\/en\/natalia-ibarguen-profile\/","title":{"rendered":"Natalia Ibarg\u00fcen Profile"},"content":{"rendered":"<div data-elementor-type=\"wp-page\" data-elementor-id=\"16304\" class=\"elementor elementor-16304\">\n\t\t\t\t<div class=\"elementor-element elementor-element-2da7be6c e-flex e-con-boxed parallax_section_no qode_elementor_container_no e-con e-parent\" data-id=\"2da7be6c\" data-element_type=\"container\">\n\t\t\t\t\t<div class=\"e-con-inner\">\n\t\t\t\t<div class=\"elementor-element elementor-element-6bfe65c1 elementor-widget elementor-widget-qi_addons_for_elementor_dual_image_with_content\" data-id=\"6bfe65c1\" data-element_type=\"widget\" data-widget_type=\"qi_addons_for_elementor_dual_image_with_content.default\">\n\t\t\t\t<div class=\"elementor-widget-container\">\n\t\t\t\t\t<div class=\"qodef-shortcode qodef-m qodef-qi-dual-image-with-content qodef--content-left qodef-decoration--italic qodef-link--underline-draw qodef-qi--has-appear\">\n\t<div class=\"qodef-dual-content\">\n\t\t<div class=\"qodef-m-inner-content\">\n\t\t\t\t<h2 class=\"qodef-m-title\">\n\t\tCoordinator\t<\/h2>\n\t\t\t\t<p class=\"qodef-m-text\">Bachelor of Science in Speech-Language Pathology (SLP) and Martin Luther King Foundation Colombia co-founder, with complementary education in social leadership, science, technology, and innovation. Ms. Ibarg\u00fcen has developed competencies in the rehabilitation of human communication and its variations from the clinical-therapeutic scenarios in the private sector from NPOs, which are health service providers (+2 years). Experience in organizational processes of NARP communities (Afro) in Valle del Cauca with an ethnic territorial approach and youth empowerment (+5 years).\n<\/p>\n\t\t<\/div>\n\t\t<div class=\"qodef-m-inner-bottom\">\n\t\t\t\t\t<\/div>\n\t<\/div>\n\t<div class=\"qodef-image-holder\">\n\t\t<div class=\"qodef-m-main-image\">\n\t<img fetchpriority=\"high\" decoding=\"async\" width=\"800\" height=\"858\" src=\"https:\/\/mlkcol.org\/wp-content\/uploads\/2024\/10\/IMG-20240912-WA0022-2.jpg\" class=\"attachment-full size-full\" alt=\"\" srcset=\"https:\/\/mlkcol.org\/wp-content\/uploads\/2024\/10\/IMG-20240912-WA0022-2.jpg 800w, https:\/\/mlkcol.org\/wp-content\/uploads\/2024\/10\/IMG-20240912-WA0022-2-280x300.jpg 280w, https:\/\/mlkcol.org\/wp-content\/uploads\/2024\/10\/IMG-20240912-WA0022-2-768x824.jpg 768w, https:\/\/mlkcol.org\/wp-content\/uploads\/2024\/10\/IMG-20240912-WA0022-2-700x751.jpg 700w\" sizes=\"(max-width: 800px) 100vw, 800px\" \/><\/div>\n\t\t<div class=\"qodef-m-second-image\">\n\t<\/div>\n\t<\/div>\n<\/div>\n\t\t\t\t<\/div>\n\t\t\t\t<\/div>\n\t\t\t\t\t<\/div>\n\t\t\t\t<\/div>\n\t\t\t\t<\/div>","protected":false},"excerpt":{"rendered":"<p>Coordinator Licenciada en Ciencias en Fonoaudiolog\u00eda y cofundadora de la Fundaci\u00f3n Martin Luther King Colombia, con formaci\u00f3n complementaria en liderazgo social, ciencia, tecnolog\u00eda e innovaci\u00f3n. La Sra. Ibarg\u00fcen ha desarrollado competencias en la rehabilitaci\u00f3n de la comunicaci\u00f3n humana y sus variantes desde escenarios cl\u00ednico-terap\u00e9uticos en&#8230;<\/p>","protected":false},"author":1,"featured_media":0,"parent":0,"menu_order":0,"comment_status":"closed","ping_status":"closed","template":"","meta":{"content-type":"","footnotes":""},"class_list":["post-16304","page","type-page","status-publish","hentry"],"_links":{"self":[{"href":"https:\/\/mlkcol.org\/en\/wp-json\/wp\/v2\/pages\/16304","targetHints":{"allow":["GET"]}}],"collection":[{"href":"https:\/\/mlkcol.org\/en\/wp-json\/wp\/v2\/pages"}],"about":[{"href":"https:\/\/mlkcol.org\/en\/wp-json\/wp\/v2\/types\/page"}],"author":[{"embeddable":true,"href":"https:\/\/mlkcol.org\/en\/wp-json\/wp\/v2\/users\/1"}],"replies":[{"embeddable":true,"href":"https:\/\/mlkcol.org\/en\/wp-json\/wp\/v2\/comments?post=16304"}],"version-history":[{"count":6,"href":"https:\/\/mlkcol.org\/en\/wp-json\/wp\/v2\/pages\/16304\/revisions"}],"predecessor-version":[{"id":16526,"href":"https:\/\/mlkcol.org\/en\/wp-json\/wp\/v2\/pages\/16304\/revisions\/16526"}],"wp:attachment":[{"href":"https:\/\/mlkcol.org\/en\/wp-json\/wp\/v2\/media?parent=16304"}],"curies":[{"name":"wp","href":"https:\/\/api.w.org\/{rel}","templated":true}]}}