{"id":16226,"date":"2025-01-24T18:20:38","date_gmt":"2025-01-24T18:20:38","guid":{"rendered":"https:\/\/mlkcol.org\/?page_id=16226"},"modified":"2025-05-12T18:09:07","modified_gmt":"2025-05-12T18:09:07","slug":"elementor-16226","status":"publish","type":"page","link":"https:\/\/mlkcol.org\/en\/elementor-16226\/","title":{"rendered":"JEFFERSON PROFILE"},"content":{"rendered":"<div data-elementor-type=\"wp-page\" data-elementor-id=\"16226\" class=\"elementor elementor-16226\">\n\t\t\t\t<div class=\"elementor-element elementor-element-a07c828 e-flex e-con-boxed parallax_section_no qode_elementor_container_no e-con e-parent\" data-id=\"a07c828\" data-element_type=\"container\">\n\t\t\t\t\t<div class=\"e-con-inner\">\n\t\t\t\t<div class=\"elementor-element elementor-element-d45e47e elementor-widget elementor-widget-qi_addons_for_elementor_dual_image_with_content\" data-id=\"d45e47e\" data-element_type=\"widget\" data-widget_type=\"qi_addons_for_elementor_dual_image_with_content.default\">\n\t\t\t\t<div class=\"elementor-widget-container\">\n\t\t\t\t\t<div class=\"qodef-shortcode qodef-m qodef-qi-dual-image-with-content qodef--content-left qodef-decoration--italic qodef-link--underline-draw qodef-qi--has-appear\">\n\t<div class=\"qodef-dual-content\">\n\t\t<div class=\"qodef-m-inner-content\">\n\t\t\t\t<h2 class=\"qodef-m-title\">\n\t\tC.E.O.\t<\/h2>\n\t\t\t\t<p class=\"qodef-m-text\">Fulbright scholar (2023). M.A. in International Affairs at Penn State University, entrepreneur, Human rights activist, and Coach in Leadership and Teamwork with over ten years of expertise in community leadership and program management, Mr. Tenorio has a profound understanding of the socio-political landscape of Colombia. He has been instrumental in designing and delivering several youth public policies, electoral participation, and leadership initiatives all over Colombia.\n<\/p>\n\t\t<\/div>\n\t\t<div class=\"qodef-m-inner-bottom\">\n\t\t\t\t\t<\/div>\n\t<\/div>\n\t<div class=\"qodef-image-holder\">\n\t\t<div class=\"qodef-m-main-image\">\n\t<img fetchpriority=\"high\" decoding=\"async\" width=\"800\" height=\"858\" src=\"https:\/\/mlkcol.org\/wp-content\/uploads\/2024\/10\/IMG-20240912-WA0016-1.jpg\" class=\"attachment-full size-full\" alt=\"\" srcset=\"https:\/\/mlkcol.org\/wp-content\/uploads\/2024\/10\/IMG-20240912-WA0016-1.jpg 800w, https:\/\/mlkcol.org\/wp-content\/uploads\/2024\/10\/IMG-20240912-WA0016-1-280x300.jpg 280w, https:\/\/mlkcol.org\/wp-content\/uploads\/2024\/10\/IMG-20240912-WA0016-1-768x824.jpg 768w, https:\/\/mlkcol.org\/wp-content\/uploads\/2024\/10\/IMG-20240912-WA0016-1-700x751.jpg 700w\" sizes=\"(max-width: 800px) 100vw, 800px\" \/><\/div>\n\t\t<div class=\"qodef-m-second-image\">\n\t<\/div>\n\t<\/div>\n<\/div>\n\t\t\t\t<\/div>\n\t\t\t\t<\/div>\n\t\t\t\t\t<\/div>\n\t\t\t\t<\/div>\n\t\t\t\t<\/div>","protected":false},"excerpt":{"rendered":"<p>C.E.O. Becario Fulbright (2023). M.A. en Asuntos Internacionales de la Universidad Estatal de Pensilvania, emprendedor, activista de derechos humanos y coach en liderazgo y trabajo en equipo con m\u00e1s de diez a\u00f1os de experiencia en liderazgo comunitario y gesti\u00f3n de programas. El Sr. Tenorio tiene&#8230;<\/p>","protected":false},"author":1,"featured_media":0,"parent":0,"menu_order":0,"comment_status":"closed","ping_status":"closed","template":"","meta":{"content-type":"","footnotes":""},"class_list":["post-16226","page","type-page","status-publish","hentry"],"_links":{"self":[{"href":"https:\/\/mlkcol.org\/en\/wp-json\/wp\/v2\/pages\/16226","targetHints":{"allow":["GET"]}}],"collection":[{"href":"https:\/\/mlkcol.org\/en\/wp-json\/wp\/v2\/pages"}],"about":[{"href":"https:\/\/mlkcol.org\/en\/wp-json\/wp\/v2\/types\/page"}],"author":[{"embeddable":true,"href":"https:\/\/mlkcol.org\/en\/wp-json\/wp\/v2\/users\/1"}],"replies":[{"embeddable":true,"href":"https:\/\/mlkcol.org\/en\/wp-json\/wp\/v2\/comments?post=16226"}],"version-history":[{"count":8,"href":"https:\/\/mlkcol.org\/en\/wp-json\/wp\/v2\/pages\/16226\/revisions"}],"predecessor-version":[{"id":16532,"href":"https:\/\/mlkcol.org\/en\/wp-json\/wp\/v2\/pages\/16226\/revisions\/16532"}],"wp:attachment":[{"href":"https:\/\/mlkcol.org\/en\/wp-json\/wp\/v2\/media?parent=16226"}],"curies":[{"name":"wp","href":"https:\/\/api.w.org\/{rel}","templated":true}]}}